{"id":13,"date":"2019-09-02T08:08:10","date_gmt":"2019-09-02T08:08:10","guid":{"rendered":"https:\/\/www.weinlabor-baumann.de\/?page_id=13"},"modified":"2020-04-17T14:53:41","modified_gmt":"2020-04-17T14:53:41","slug":"leistungen","status":"publish","type":"page","link":"https:\/\/www.weinlabor-baumann.de\/?page_id=13","title":{"rendered":"Leistungen"},"content":{"rendered":"<p>[et_pb_section fb_built=&#8220;1&#8243; admin_label=&#8220;Page Title Section&#8220; _builder_version=&#8220;3.26.7&#8243; use_background_color_gradient=&#8220;on&#8220; background_color_gradient_start=&#8220;#313e47&#8243; background_color_gradient_end=&#8220;rgba(49,62,71,0.5)&#8220; background_color_gradient_overlays_image=&#8220;on&#8220; background_image=&#8220;https:\/\/www.weinlabor-baumann.de\/wp-content\/uploads\/2019\/09\/Pfalz-Bilder-Weinlabor-Baumann6.jpg&#8220; custom_padding=&#8220;120px||120px|&#8220;][et_pb_row admin_label=&#8220;Page Title Area&#8220; _builder_version=&#8220;3.25&#8243; background_size=&#8220;initial&#8220; background_position=&#8220;top_left&#8220; background_repeat=&#8220;repeat&#8220; custom_padding=&#8220;51px|||||&#8220;][et_pb_column type=&#8220;4_4&#8243; _builder_version=&#8220;3.25&#8243; custom_padding=&#8220;|||&#8220; custom_padding__hover=&#8220;|||&#8220;][et_pb_text admin_label=&#8220;Page Title&#8220; _builder_version=&#8220;3.27.4&#8243; text_font=&#8220;||||||||&#8220; text_text_color=&#8220;#ffffff&#8220; text_font_size=&#8220;18px&#8220; text_line_height=&#8220;2em&#8220; header_font=&#8220;Prata||||||||&#8220; header_font_size=&#8220;60px&#8220; header_line_height=&#8220;1.6em&#8220; header_3_font=&#8220;||||||||&#8220; header_3_line_height=&#8220;1.8em&#8220; text_orientation=&#8220;center&#8220; background_layout=&#8220;dark&#8220; max_width=&#8220;700px&#8220; module_alignment=&#8220;center&#8220; custom_margin=&#8220;||10px|&#8220; animation_style=&#8220;fade&#8220; header_font_size_tablet=&#8220;40px&#8220; header_font_size_phone=&#8220;&#8220; header_font_size_last_edited=&#8220;on|desktop&#8220;]<\/p>\n<h1>Unsere Leistungen<\/h1>\n<h1><span style=\"font-size: 18px; font-family: 'Open Sans', Arial, sans-serif;\"><\/span><\/h1>\n<p>[\/et_pb_text][\/et_pb_column][\/et_pb_row][\/et_pb_section][et_pb_section fb_built=&#8220;1&#8243; admin_label=&#8220;Quote Section&#8220; _builder_version=&#8220;3.26.7&#8243; custom_padding=&#8220;110px|0px|0px|0px||&#8220; border_color_all=&#8220;rgba(255,186,96,0.6)&#8220; border_width_right=&#8220;8vw&#8220; border_color_right=&#8220;#830E1B&#8220;][et_pb_row column_structure=&#8220;3_4,1_4&#8243; admin_label=&#8220;Quote Area&#8220; _builder_version=&#8220;3.25&#8243; use_custom_width=&#8220;on&#8220;][et_pb_column type=&#8220;3_4&#8243; _builder_version=&#8220;3.25&#8243; custom_padding=&#8220;|||&#8220; custom_padding__hover=&#8220;|||&#8220;][et_pb_text admin_label=&#8220;Author Name&#8220; _builder_version=&#8220;3.27.4&#8243; text_font=&#8220;|600||on|||||&#8220; text_text_color=&#8220;#830E1B&#8220; text_letter_spacing=&#8220;4px&#8220; header_font=&#8220;||||||||&#8220; header_4_font=&#8220;||||||||&#8220; module_alignment=&#8220;center&#8220; animation_style=&#8220;slide&#8220; animation_direction=&#8220;bottom&#8220; animation_intensity_slide=&#8220;10%&#8220; animation_starting_opacity=&#8220;100%&#8220;]<\/p>\n<p>&#8211; unser Angebot<\/p>\n<p>[\/et_pb_text][et_pb_text _builder_version=&#8220;3.27.4&#8243; text_font=&#8220;Roboto Slab||||||||&#8220; text_font_size=&#8220;17px&#8220; text_letter_spacing=&#8220;1px&#8220; text_line_height=&#8220;1.8em&#8220; header_font=&#8220;||||||||&#8220; header_3_font=&#8220;||||||||&#8220; header_3_line_height=&#8220;1.6em&#8220; header_4_font=&#8220;||||||||&#8220; custom_margin=&#8220;|||&#8220; custom_padding=&#8220;|||30px&#8220; animation_style=&#8220;flip&#8220; animation_intensity_flip=&#8220;5%&#8220; animation_starting_opacity=&#8220;100%&#8220; border_color_all=&#8220;#313e47&#8243; border_width_left=&#8220;10px&#8220;]<\/p>\n<p>Wir bieten Ihnen ein breites Spektrum an Untersuchungsm\u00f6glichkeiten, wobei s\u00e4mtliche Parameter auf Wunsch auch einzeln erstellt werden k\u00f6nnen.\u00a0Die regelm\u00e4\u00dfige Wartung, Kalibrierung und Eichung der Messger\u00e4te gew\u00e4hrleisten schnelle und zuverl\u00e4ssige Ergebnisse. Zus\u00e4tzlich nehmen wir jedes Jahr an offiziellen Laborvergleichsuntersuchungen der Landwirtschaftskammer Rheinland-Pfalz und dem Verband Deutscher Weinanalytiker e.V. teil, um unsere Analyseergebnisse kontinuierlich zu \u00fcberpr\u00fcfen.<\/p>\n<p>[\/et_pb_text][\/et_pb_column][et_pb_column type=&#8220;1_4&#8243; _builder_version=&#8220;3.25&#8243; custom_padding=&#8220;|||&#8220; custom_padding__hover=&#8220;|||&#8220;][et_pb_blurb image=&#8220;https:\/\/www.weinlabor-baumann.de\/wp-content\/uploads\/2020\/02\/baumann-beratung-icon.jpeg&#8220; icon_alignment=&#8220;left&#8220; _builder_version=&#8220;4.0.11&#8243;][\/et_pb_blurb][\/et_pb_column][\/et_pb_row][et_pb_row column_structure=&#8220;1_3,1_3,1_3&#8243; admin_label=&#8220;Project Image Area&#8220; _builder_version=&#8220;3.25&#8243; custom_margin=&#8220;56px|auto||auto||&#8220; custom_padding=&#8220;|||&#8220;][et_pb_column type=&#8220;1_3&#8243; _builder_version=&#8220;3.25&#8243; custom_padding=&#8220;|||&#8220; custom_padding__hover=&#8220;|||&#8220;][et_pb_image src=&#8220;https:\/\/www.weinlabor-baumann.de\/wp-content\/uploads\/2020\/02\/weinlabor-baumann-edesheim-37.jpg&#8220; _builder_version=&#8220;4.0.11&#8243;][\/et_pb_image][\/et_pb_column][et_pb_column type=&#8220;1_3&#8243; _builder_version=&#8220;3.25&#8243; custom_padding=&#8220;|||&#8220; custom_padding__hover=&#8220;|||&#8220;][et_pb_image src=&#8220;https:\/\/www.weinlabor-baumann.de\/wp-content\/uploads\/2020\/02\/weinlabor-baumann-edesheim-33.jpg&#8220; _builder_version=&#8220;4.0.11&#8243;][\/et_pb_image][et_pb_image src=&#8220;https:\/\/www.weinlabor-baumann.de\/wp-content\/uploads\/2020\/02\/weinlabor-baumann-edesheim-16.jpg&#8220; _builder_version=&#8220;4.0.11&#8243;][\/et_pb_image][\/et_pb_column][et_pb_column type=&#8220;1_3&#8243; _builder_version=&#8220;3.25&#8243; custom_padding=&#8220;|||&#8220; custom_padding__hover=&#8220;|||&#8220;][et_pb_image src=&#8220;https:\/\/www.weinlabor-baumann.de\/wp-content\/uploads\/2020\/02\/weinlabor-baumann-edesheim-24.jpg&#8220; _builder_version=&#8220;4.0.11&#8243;][\/et_pb_image][\/et_pb_column][\/et_pb_row][\/et_pb_section][et_pb_section fb_built=&#8220;1&#8243; admin_label=&#8220;Project Analysis Section&#8220; _builder_version=&#8220;3.22&#8243; custom_padding=&#8220;75px||90px|||&#8220;][et_pb_row column_structure=&#8220;1_4,3_4&#8243; admin_label=&#8220;Project Analysis Area&#8220; _builder_version=&#8220;3.25&#8243; custom_padding=&#8220;60px|0px|60px|0px&#8220; border_color_all=&#8220;rgba(51,51,51,0.12)&#8220; border_width_top=&#8220;1px&#8220;][et_pb_column type=&#8220;1_4&#8243; _builder_version=&#8220;3.25&#8243; custom_padding=&#8220;|||&#8220; custom_padding__hover=&#8220;|||&#8220;][et_pb_text admin_label=&#8220;Title&#8220; _builder_version=&#8220;3.27.4&#8243; text_font=&#8220;||||||||&#8220; header_font=&#8220;||||||||&#8220; header_3_font=&#8220;Roboto Slab||||||||&#8220; header_3_line_height=&#8220;2em&#8220; animation_style=&#8220;fold&#8220; animation_direction=&#8220;left&#8220; animation_intensity_fold=&#8220;5%&#8220;]<\/p>\n<h3>Analysen<\/h3>\n<p>[\/et_pb_text][et_pb_blurb image=&#8220;https:\/\/www.weinlabor-baumann.de\/wp-content\/uploads\/2020\/02\/Baumann-analyse-icon.png&#8220; icon_alignment=&#8220;left&#8220; _builder_version=&#8220;4.0.11&#8243;][\/et_pb_blurb][\/et_pb_column][et_pb_column type=&#8220;3_4&#8243; _builder_version=&#8220;3.25&#8243; custom_padding=&#8220;|||&#8220; custom_padding__hover=&#8220;|||&#8220;][et_pb_text _builder_version=&#8220;3.27.4&#8243; text_font=&#8220;||||||||&#8220; text_font_size=&#8220;16px&#8220; text_line_height=&#8220;2em&#8220; animation_style=&#8220;fade&#8220;]<\/p>\n<ul>\n<li>AP-Analyse f\u00fcr Wein und Schaumwein (Ahr, Mittelrhein, Mosel, Nahe, Pfalz, Rheinhessen)<\/li>\n<li>Exportanalyse<\/li>\n<li>Halbanalyse (Alkohol, Restzucker, Dichte, Extrakt, Gesamts\u00e4ure u. SO2)<\/li>\n<li>Bestimmung der freien schwefligen S\u00e4ure, der Reduktone und der gesamten schwefligen S\u00e4ure<\/li>\n<li>Bestimmung von organischen S\u00e4uren (Weins\u00e4ure, \u00c4pfels\u00e4ure, Milchs\u00e4ure)<\/li>\n<li>Bestimmung der fl\u00fcchtigen S\u00e4ure (nach Destillation)<\/li>\n<li>Druck von Perlwein und Schaumwein<\/li>\n<li>Spezifische Herbstanalytik (Grapescan, Anreicherung, Mostgewicht, pH-Wert)<\/li>\n<li>Sterilkontrolle auf Hefen u. Schimmelpilze bei abgef\u00fcllten Weinen<\/li>\n<li>Ermittlung u. Nachkontrolle von Bentonit- u. Ferrobedarf<\/li>\n<li>Sch\u00f6nungsvorversuch im Kleinma\u00dfstab<\/li>\n<li>Individuelle Verkostung vom Jungweinstadium bis zur Abf\u00fcllung<\/li>\n<\/ul>\n<p>S\u00e4mtliche Parameter k\u00f6nnen auf Wunsch auch einzeln erstellt werden.<\/p>\n<p>[\/et_pb_text][\/et_pb_column][\/et_pb_row][et_pb_row column_structure=&#8220;1_4,3_4&#8243; admin_label=&#8220;Our Process Area&#8220; _builder_version=&#8220;3.25&#8243; custom_padding=&#8220;60px|0px|60px|0px&#8220; border_color_all=&#8220;rgba(51,51,51,0.12)&#8220; border_width_top=&#8220;1px&#8220;][et_pb_column type=&#8220;1_4&#8243; _builder_version=&#8220;3.25&#8243; custom_padding=&#8220;|||&#8220; custom_padding__hover=&#8220;|||&#8220;][et_pb_text admin_label=&#8220;Title&#8220; _builder_version=&#8220;3.27.4&#8243; text_font=&#8220;||||||||&#8220; header_font=&#8220;||||||||&#8220; header_3_font=&#8220;Roboto Slab||||||||&#8220; header_3_line_height=&#8220;2em&#8220; animation_style=&#8220;fold&#8220; animation_direction=&#8220;left&#8220; animation_intensity_fold=&#8220;5%&#8220;]<\/p>\n<h3>Produkte<\/h3>\n<p>[\/et_pb_text][et_pb_blurb image=&#8220;https:\/\/www.weinlabor-baumann.de\/wp-content\/uploads\/2020\/01\/healthcare-and-medical.png&#8220; icon_alignment=&#8220;left&#8220; _builder_version=&#8220;4.0.11&#8243;][\/et_pb_blurb][\/et_pb_column][et_pb_column type=&#8220;3_4&#8243; _builder_version=&#8220;3.25&#8243; custom_padding=&#8220;|||&#8220; custom_padding__hover=&#8220;|||&#8220;][et_pb_toggle title=&#8220;Biotechnologische Produkte&#8220; _builder_version=&#8220;3.26.7&#8243;]<\/p>\n<ul>\n<li>Reinzuchthefen zur kontrollierten G\u00e4rf\u00fchrung<\/li>\n<li>Enzympr\u00e4parate f\u00fcr den Aufschluss von Maische, Most und Wein<\/li>\n<li>Bakterienkulturen f\u00fcr den biologischen S\u00e4ureabbau<\/li>\n<li>N\u00e4hrstoffe f\u00fcr Hefen und Bakterien<\/li>\n<\/ul>\n<p>[\/et_pb_toggle][et_pb_toggle title=&#8220;Kl\u00e4rhilfsmittel f\u00fcr Most und Wein&#8220; _builder_version=&#8220;4.0.11&#8243;]<\/p>\n<ul>\n<li>Flotationsgelatine<\/li>\n<li>Bentonit<\/li>\n<li>Kieselsol<\/li>\n<li>Gelatine<\/li>\n<\/ul>\n<p>[\/et_pb_toggle][et_pb_toggle title=&#8220;Stabilisierungsprodukte&#8220; _builder_version=&#8220;3.26.7&#8243;]<\/p>\n<ul>\n<li>Metaweins\u00e4ure<\/li>\n<li>Gummi Arabicum<\/li>\n<li>VinoStab<\/li>\n<\/ul>\n<p>[\/et_pb_toggle][et_pb_toggle title=&#8220;Behandlungsstoffe zur S\u00e4ure- und Geschmackskorrektur&#8220; _builder_version=&#8220;3.26.7&#8243;]<\/p>\n<ul>\n<li>Zitronens\u00e4ure<\/li>\n<li>Weins\u00e4ure<\/li>\n<li>\u00c4pfels\u00e4ure<\/li>\n<li>Milchs\u00e4ure<\/li>\n<li>Diverse \u00f6nologische Tannine<\/li>\n<li>Ents\u00e4uerungscarbonate<\/li>\n<li>Aktivkohle<\/li>\n<li>Diverse Kasein-, Silikat- und PVPP-Pr\u00e4parate<\/li>\n<\/ul>\n<p>[\/et_pb_toggle][\/et_pb_column][\/et_pb_row][\/et_pb_section]<\/p>\n","protected":false},"excerpt":{"rendered":"<p>Unsere Leistungen &#8211; unser AngebotWir bieten Ihnen ein breites Spektrum an Untersuchungsm\u00f6glichkeiten, wobei s\u00e4mtliche Parameter auf Wunsch auch einzeln erstellt werden k\u00f6nnen.\u00a0Die regelm\u00e4\u00dfige Wartung, Kalibrierung und Eichung der Messger\u00e4te gew\u00e4hrleisten schnelle und zuverl\u00e4ssige Ergebnisse. Zus\u00e4tzlich nehmen wir jedes Jahr an offiziellen Laborvergleichsuntersuchungen der Landwirtschaftskammer Rheinland-Pfalz und dem Verband Deutscher Weinanalytiker e.V. teil, um unsere Analyseergebnisse [&hellip;]<\/p>\n","protected":false},"author":1,"featured_media":0,"parent":0,"menu_order":0,"comment_status":"closed","ping_status":"closed","template":"","meta":{"_et_pb_use_builder":"on","_et_pb_old_content":"<!-- wp:divi\/placeholder \/-->","_et_gb_content_width":"","footnotes":""},"class_list":["post-13","page","type-page","status-publish","hentry"],"yoast_head":"<!-- This site is optimized with the Yoast SEO plugin v27.0 - https:\/\/yoast.com\/product\/yoast-seo-wordpress\/ -->\n<title>Leistungen - Weinlabor Baumann<\/title>\n<meta name=\"robots\" content=\"index, follow, max-snippet:-1, max-image-preview:large, max-video-preview:-1\" \/>\n<link rel=\"canonical\" href=\"https:\/\/www.weinlabor-baumann.de\/?page_id=13\" \/>\n<meta property=\"og:locale\" content=\"de_DE\" \/>\n<meta property=\"og:type\" content=\"article\" \/>\n<meta property=\"og:title\" content=\"Leistungen - Weinlabor Baumann\" \/>\n<meta property=\"og:description\" content=\"Unsere Leistungen - unser AngebotWir bieten Ihnen ein breites Spektrum an Untersuchungsm\u00f6glichkeiten, wobei s\u00e4mtliche Parameter auf Wunsch auch einzeln erstellt werden k\u00f6nnen.\u00a0Die regelm\u00e4\u00dfige Wartung, Kalibrierung und Eichung der Messger\u00e4te gew\u00e4hrleisten schnelle und zuverl\u00e4ssige Ergebnisse. Zus\u00e4tzlich nehmen wir jedes Jahr an offiziellen Laborvergleichsuntersuchungen der Landwirtschaftskammer Rheinland-Pfalz und dem Verband Deutscher Weinanalytiker e.V. teil, um unsere Analyseergebnisse [&hellip;]\" \/>\n<meta property=\"og:url\" content=\"https:\/\/www.weinlabor-baumann.de\/?page_id=13\" \/>\n<meta property=\"og:site_name\" content=\"Weinlabor Baumann\" \/>\n<meta property=\"article:modified_time\" content=\"2020-04-17T14:53:41+00:00\" \/>\n<meta name=\"twitter:card\" content=\"summary_large_image\" \/>\n<meta name=\"twitter:label1\" content=\"Gesch\u00e4tzte Lesezeit\" \/>\n\t<meta name=\"twitter:data1\" content=\"5\u00a0Minuten\" \/>\n<script type=\"application\/ld+json\" class=\"yoast-schema-graph\">{\"@context\":\"https:\/\/schema.org\",\"@graph\":[{\"@type\":\"WebPage\",\"@id\":\"https:\/\/www.weinlabor-baumann.de\/?page_id=13\",\"url\":\"https:\/\/www.weinlabor-baumann.de\/?page_id=13\",\"name\":\"Leistungen - Weinlabor Baumann\",\"isPartOf\":{\"@id\":\"https:\/\/www.weinlabor-baumann.de\/#website\"},\"datePublished\":\"2019-09-02T08:08:10+00:00\",\"dateModified\":\"2020-04-17T14:53:41+00:00\",\"breadcrumb\":{\"@id\":\"https:\/\/www.weinlabor-baumann.de\/?page_id=13#breadcrumb\"},\"inLanguage\":\"de\",\"potentialAction\":[{\"@type\":\"ReadAction\",\"target\":[\"https:\/\/www.weinlabor-baumann.de\/?page_id=13\"]}]},{\"@type\":\"BreadcrumbList\",\"@id\":\"https:\/\/www.weinlabor-baumann.de\/?page_id=13#breadcrumb\",\"itemListElement\":[{\"@type\":\"ListItem\",\"position\":1,\"name\":\"Startseite\",\"item\":\"https:\/\/www.weinlabor-baumann.de\/\"},{\"@type\":\"ListItem\",\"position\":2,\"name\":\"Leistungen\"}]},{\"@type\":\"WebSite\",\"@id\":\"https:\/\/www.weinlabor-baumann.de\/#website\",\"url\":\"https:\/\/www.weinlabor-baumann.de\/\",\"name\":\"Weinlabor Baumann\",\"description\":\"Weinlabor Baumann in Edesheim\",\"potentialAction\":[{\"@type\":\"SearchAction\",\"target\":{\"@type\":\"EntryPoint\",\"urlTemplate\":\"https:\/\/www.weinlabor-baumann.de\/?s={search_term_string}\"},\"query-input\":{\"@type\":\"PropertyValueSpecification\",\"valueRequired\":true,\"valueName\":\"search_term_string\"}}],\"inLanguage\":\"de\"}]}<\/script>\n<!-- \/ Yoast SEO plugin. -->","yoast_head_json":{"title":"Leistungen - Weinlabor Baumann","robots":{"index":"index","follow":"follow","max-snippet":"max-snippet:-1","max-image-preview":"max-image-preview:large","max-video-preview":"max-video-preview:-1"},"canonical":"https:\/\/www.weinlabor-baumann.de\/?page_id=13","og_locale":"de_DE","og_type":"article","og_title":"Leistungen - Weinlabor Baumann","og_description":"Unsere Leistungen - unser AngebotWir bieten Ihnen ein breites Spektrum an Untersuchungsm\u00f6glichkeiten, wobei s\u00e4mtliche Parameter auf Wunsch auch einzeln erstellt werden k\u00f6nnen.\u00a0Die regelm\u00e4\u00dfige Wartung, Kalibrierung und Eichung der Messger\u00e4te gew\u00e4hrleisten schnelle und zuverl\u00e4ssige Ergebnisse. Zus\u00e4tzlich nehmen wir jedes Jahr an offiziellen Laborvergleichsuntersuchungen der Landwirtschaftskammer Rheinland-Pfalz und dem Verband Deutscher Weinanalytiker e.V. teil, um unsere Analyseergebnisse [&hellip;]","og_url":"https:\/\/www.weinlabor-baumann.de\/?page_id=13","og_site_name":"Weinlabor Baumann","article_modified_time":"2020-04-17T14:53:41+00:00","twitter_card":"summary_large_image","twitter_misc":{"Gesch\u00e4tzte Lesezeit":"5\u00a0Minuten"},"schema":{"@context":"https:\/\/schema.org","@graph":[{"@type":"WebPage","@id":"https:\/\/www.weinlabor-baumann.de\/?page_id=13","url":"https:\/\/www.weinlabor-baumann.de\/?page_id=13","name":"Leistungen - Weinlabor Baumann","isPartOf":{"@id":"https:\/\/www.weinlabor-baumann.de\/#website"},"datePublished":"2019-09-02T08:08:10+00:00","dateModified":"2020-04-17T14:53:41+00:00","breadcrumb":{"@id":"https:\/\/www.weinlabor-baumann.de\/?page_id=13#breadcrumb"},"inLanguage":"de","potentialAction":[{"@type":"ReadAction","target":["https:\/\/www.weinlabor-baumann.de\/?page_id=13"]}]},{"@type":"BreadcrumbList","@id":"https:\/\/www.weinlabor-baumann.de\/?page_id=13#breadcrumb","itemListElement":[{"@type":"ListItem","position":1,"name":"Startseite","item":"https:\/\/www.weinlabor-baumann.de\/"},{"@type":"ListItem","position":2,"name":"Leistungen"}]},{"@type":"WebSite","@id":"https:\/\/www.weinlabor-baumann.de\/#website","url":"https:\/\/www.weinlabor-baumann.de\/","name":"Weinlabor Baumann","description":"Weinlabor Baumann in Edesheim","potentialAction":[{"@type":"SearchAction","target":{"@type":"EntryPoint","urlTemplate":"https:\/\/www.weinlabor-baumann.de\/?s={search_term_string}"},"query-input":{"@type":"PropertyValueSpecification","valueRequired":true,"valueName":"search_term_string"}}],"inLanguage":"de"}]}},"_links":{"self":[{"href":"https:\/\/www.weinlabor-baumann.de\/index.php?rest_route=\/wp\/v2\/pages\/13","targetHints":{"allow":["GET"]}}],"collection":[{"href":"https:\/\/www.weinlabor-baumann.de\/index.php?rest_route=\/wp\/v2\/pages"}],"about":[{"href":"https:\/\/www.weinlabor-baumann.de\/index.php?rest_route=\/wp\/v2\/types\/page"}],"author":[{"embeddable":true,"href":"https:\/\/www.weinlabor-baumann.de\/index.php?rest_route=\/wp\/v2\/users\/1"}],"replies":[{"embeddable":true,"href":"https:\/\/www.weinlabor-baumann.de\/index.php?rest_route=%2Fwp%2Fv2%2Fcomments&post=13"}],"version-history":[{"count":23,"href":"https:\/\/www.weinlabor-baumann.de\/index.php?rest_route=\/wp\/v2\/pages\/13\/revisions"}],"predecessor-version":[{"id":305,"href":"https:\/\/www.weinlabor-baumann.de\/index.php?rest_route=\/wp\/v2\/pages\/13\/revisions\/305"}],"wp:attachment":[{"href":"https:\/\/www.weinlabor-baumann.de\/index.php?rest_route=%2Fwp%2Fv2%2Fmedia&parent=13"}],"curies":[{"name":"wp","href":"https:\/\/api.w.org\/{rel}","templated":true}]}}